{"id":4544,"date":"2024-10-08T19:56:30","date_gmt":"2024-10-08T17:56:30","guid":{"rendered":"https:\/\/www.elights.be\/informatie\/certificaten\/"},"modified":"2024-10-08T19:56:30","modified_gmt":"2024-10-08T17:56:30","slug":"certificaten","status":"publish","type":"page","link":"https:\/\/www.elights.be\/nl\/informatie\/certificaten\/","title":{"rendered":"Certificaten"},"content":{"rendered":"\n<p>Al onze producten zijn CE gecertificeerd en respecteren de Europese normering (waar van toepassing). Voor vragen betreffende de CE certificering, <a href=\"mailto:info@elights.be\">neem contact op met ons<\/a>. Het grootste deel van onze noodverlichtingen met <em>automatische testfunctie<\/em> respecteren de normeringen voor lastenboek 400D.05 van de regie der gebouwen.  <\/p>\n\n<ul class=\"wp-block-list checkmark\">\n<li><a href=\"https:\/\/www.elights.be\/wp-content\/uploads\/2023\/12\/2024-ISO9001-2015-CERTIFICATE-FR.pdf\">ISO9001-2015<\/a><\/li>\n\n\n\n<li>CEBEC\n<ul class=\"wp-block-list\">\n<li><a href=\"https:\/\/www.elights.be\/wp-content\/uploads\/2018\/11\/Licence-CEBEC-argos.pdf\">Argos<\/a><\/li>\n<\/ul>\n<\/li>\n\n\n\n<li>ENEC- KEMA KEUR\n<ul class=\"wp-block-list\">\n<li><a href=\"https:\/\/www.elights.be\/wp-content\/uploads\/2018\/11\/CERTIFICAT-ENEC-GAMME-LUCIOLE.pdf\">Luciole 18<\/a><\/li>\n\n\n\n<li><a href=\"https:\/\/www.elights.be\/wp-content\/uploads\/2018\/11\/CERTIFICAT_ENEC_LUCIOLE15.pdf\">Luciole 15<\/a><\/li>\n\n\n\n<li><a href=\"https:\/\/www.elights.be\/wp-content\/uploads\/2018\/11\/OREOS-LED.pdf\">Oreos tube LED<\/a><\/li>\n\n\n\n<li><a href=\"https:\/\/www.elights.be\/wp-content\/uploads\/2018\/11\/OREOS-FLUO.pdf\">Oreos tube fluo<\/a><\/li>\n<\/ul>\n<\/li>\n<\/ul>\n","protected":false},"excerpt":{"rendered":"<p>Al onze producten zijn CE gecertificeerd en respecteren de Europese normering (waar van toepassing). Voor vragen betreffende de CE certificering, neem contact op met ons. Het grootste deel van onze noodverlichtingen met automatische testfunctie respecteren de normeringen voor lastenboek 400D.05 van de regie der gebouwen.<\/p>\n","protected":false},"author":2,"featured_media":0,"parent":4532,"menu_order":0,"comment_status":"closed","ping_status":"closed","template":"","meta":{"_acf_changed":false,"footnotes":""},"class_list":["post-4544","page","type-page","status-publish","hentry"],"acf":[],"yoast_head":"<!-- This site is optimized with the Yoast SEO plugin v27.5 - https:\/\/yoast.com\/product\/yoast-seo-wordpress\/ -->\n<title>Certificaten - Elights<\/title>\n<meta name=\"robots\" content=\"index, follow, max-snippet:-1, max-image-preview:large, max-video-preview:-1\" \/>\n<link rel=\"canonical\" href=\"https:\/\/www.elights.be\/nl\/informatie\/certificaten\/\" \/>\n<meta property=\"og:locale\" content=\"nl_NL\" \/>\n<meta property=\"og:type\" content=\"article\" \/>\n<meta property=\"og:title\" content=\"Certificaten - Elights\" \/>\n<meta property=\"og:description\" content=\"Al onze producten zijn CE gecertificeerd en respecteren de Europese normering (waar van toepassing). Voor vragen betreffende de CE certificering, neem contact op met ons. Het grootste deel van onze noodverlichtingen met automatische testfunctie respecteren de normeringen voor lastenboek 400D.05 van de regie der gebouwen.\" \/>\n<meta property=\"og:url\" content=\"https:\/\/www.elights.be\/nl\/informatie\/certificaten\/\" \/>\n<meta property=\"og:site_name\" content=\"Elights\" \/>\n<meta name=\"twitter:card\" content=\"summary_large_image\" \/>\n<script type=\"application\/ld+json\" class=\"yoast-schema-graph\">{\"@context\":\"https:\\\/\\\/schema.org\",\"@graph\":[{\"@type\":\"WebPage\",\"@id\":\"https:\\\/\\\/www.elights.be\\\/nl\\\/informatie\\\/certificaten\\\/\",\"url\":\"https:\\\/\\\/www.elights.be\\\/nl\\\/informatie\\\/certificaten\\\/\",\"name\":\"Certificaten - Elights\",\"isPartOf\":{\"@id\":\"https:\\\/\\\/www.elights.be\\\/#website\"},\"datePublished\":\"2024-10-08T17:56:30+00:00\",\"breadcrumb\":{\"@id\":\"https:\\\/\\\/www.elights.be\\\/nl\\\/informatie\\\/certificaten\\\/#breadcrumb\"},\"inLanguage\":\"nl-NL\",\"potentialAction\":[{\"@type\":\"ReadAction\",\"target\":[\"https:\\\/\\\/www.elights.be\\\/nl\\\/informatie\\\/certificaten\\\/\"]}]},{\"@type\":\"BreadcrumbList\",\"@id\":\"https:\\\/\\\/www.elights.be\\\/nl\\\/informatie\\\/certificaten\\\/#breadcrumb\",\"itemListElement\":[{\"@type\":\"ListItem\",\"position\":1,\"name\":\"Accueil\",\"item\":\"https:\\\/\\\/www.elights.be\\\/\"},{\"@type\":\"ListItem\",\"position\":2,\"name\":\"Info\",\"item\":\"https:\\\/\\\/www.elights.be\\\/nl\\\/informatie\\\/\"},{\"@type\":\"ListItem\",\"position\":3,\"name\":\"Certificaten\"}]},{\"@type\":\"WebSite\",\"@id\":\"https:\\\/\\\/www.elights.be\\\/#website\",\"url\":\"https:\\\/\\\/www.elights.be\\\/\",\"name\":\"Elights\",\"description\":\"ELights est votre partenaire id\u00e9al en \u00e9clairages de s\u00e9curit\u00e9, et en parlophonie ATEA.\",\"publisher\":{\"@id\":\"https:\\\/\\\/www.elights.be\\\/#organization\"},\"potentialAction\":[{\"@type\":\"SearchAction\",\"target\":{\"@type\":\"EntryPoint\",\"urlTemplate\":\"https:\\\/\\\/www.elights.be\\\/?s={search_term_string}\"},\"query-input\":{\"@type\":\"PropertyValueSpecification\",\"valueRequired\":true,\"valueName\":\"search_term_string\"}}],\"inLanguage\":\"nl-NL\"},{\"@type\":\"Organization\",\"@id\":\"https:\\\/\\\/www.elights.be\\\/#organization\",\"name\":\"Elights\",\"url\":\"https:\\\/\\\/www.elights.be\\\/\",\"logo\":{\"@type\":\"ImageObject\",\"inLanguage\":\"nl-NL\",\"@id\":\"https:\\\/\\\/www.elights.be\\\/#\\\/schema\\\/logo\\\/image\\\/\",\"url\":\"https:\\\/\\\/www.elights.be\\\/wp-content\\\/uploads\\\/2024\\\/10\\\/cet_white-1.webp\",\"contentUrl\":\"https:\\\/\\\/www.elights.be\\\/wp-content\\\/uploads\\\/2024\\\/10\\\/cet_white-1.webp\",\"width\":376,\"height\":204,\"caption\":\"Elights\"},\"image\":{\"@id\":\"https:\\\/\\\/www.elights.be\\\/#\\\/schema\\\/logo\\\/image\\\/\"}}]}<\/script>\n<!-- \/ Yoast SEO plugin. -->","yoast_head_json":{"title":"Certificaten - Elights","robots":{"index":"index","follow":"follow","max-snippet":"max-snippet:-1","max-image-preview":"max-image-preview:large","max-video-preview":"max-video-preview:-1"},"canonical":"https:\/\/www.elights.be\/nl\/informatie\/certificaten\/","og_locale":"nl_NL","og_type":"article","og_title":"Certificaten - Elights","og_description":"Al onze producten zijn CE gecertificeerd en respecteren de Europese normering (waar van toepassing). Voor vragen betreffende de CE certificering, neem contact op met ons. Het grootste deel van onze noodverlichtingen met automatische testfunctie respecteren de normeringen voor lastenboek 400D.05 van de regie der gebouwen.","og_url":"https:\/\/www.elights.be\/nl\/informatie\/certificaten\/","og_site_name":"Elights","twitter_card":"summary_large_image","schema":{"@context":"https:\/\/schema.org","@graph":[{"@type":"WebPage","@id":"https:\/\/www.elights.be\/nl\/informatie\/certificaten\/","url":"https:\/\/www.elights.be\/nl\/informatie\/certificaten\/","name":"Certificaten - Elights","isPartOf":{"@id":"https:\/\/www.elights.be\/#website"},"datePublished":"2024-10-08T17:56:30+00:00","breadcrumb":{"@id":"https:\/\/www.elights.be\/nl\/informatie\/certificaten\/#breadcrumb"},"inLanguage":"nl-NL","potentialAction":[{"@type":"ReadAction","target":["https:\/\/www.elights.be\/nl\/informatie\/certificaten\/"]}]},{"@type":"BreadcrumbList","@id":"https:\/\/www.elights.be\/nl\/informatie\/certificaten\/#breadcrumb","itemListElement":[{"@type":"ListItem","position":1,"name":"Accueil","item":"https:\/\/www.elights.be\/"},{"@type":"ListItem","position":2,"name":"Info","item":"https:\/\/www.elights.be\/nl\/informatie\/"},{"@type":"ListItem","position":3,"name":"Certificaten"}]},{"@type":"WebSite","@id":"https:\/\/www.elights.be\/#website","url":"https:\/\/www.elights.be\/","name":"Elights","description":"ELights est votre partenaire id\u00e9al en \u00e9clairages de s\u00e9curit\u00e9, et en parlophonie ATEA.","publisher":{"@id":"https:\/\/www.elights.be\/#organization"},"potentialAction":[{"@type":"SearchAction","target":{"@type":"EntryPoint","urlTemplate":"https:\/\/www.elights.be\/?s={search_term_string}"},"query-input":{"@type":"PropertyValueSpecification","valueRequired":true,"valueName":"search_term_string"}}],"inLanguage":"nl-NL"},{"@type":"Organization","@id":"https:\/\/www.elights.be\/#organization","name":"Elights","url":"https:\/\/www.elights.be\/","logo":{"@type":"ImageObject","inLanguage":"nl-NL","@id":"https:\/\/www.elights.be\/#\/schema\/logo\/image\/","url":"https:\/\/www.elights.be\/wp-content\/uploads\/2024\/10\/cet_white-1.webp","contentUrl":"https:\/\/www.elights.be\/wp-content\/uploads\/2024\/10\/cet_white-1.webp","width":376,"height":204,"caption":"Elights"},"image":{"@id":"https:\/\/www.elights.be\/#\/schema\/logo\/image\/"}}]}},"_links":{"self":[{"href":"https:\/\/www.elights.be\/nl\/wp-json\/wp\/v2\/pages\/4544","targetHints":{"allow":["GET"]}}],"collection":[{"href":"https:\/\/www.elights.be\/nl\/wp-json\/wp\/v2\/pages"}],"about":[{"href":"https:\/\/www.elights.be\/nl\/wp-json\/wp\/v2\/types\/page"}],"author":[{"embeddable":true,"href":"https:\/\/www.elights.be\/nl\/wp-json\/wp\/v2\/users\/2"}],"replies":[{"embeddable":true,"href":"https:\/\/www.elights.be\/nl\/wp-json\/wp\/v2\/comments?post=4544"}],"version-history":[{"count":1,"href":"https:\/\/www.elights.be\/nl\/wp-json\/wp\/v2\/pages\/4544\/revisions"}],"predecessor-version":[{"id":4545,"href":"https:\/\/www.elights.be\/nl\/wp-json\/wp\/v2\/pages\/4544\/revisions\/4545"}],"up":[{"embeddable":true,"href":"https:\/\/www.elights.be\/nl\/wp-json\/wp\/v2\/pages\/4532"}],"wp:attachment":[{"href":"https:\/\/www.elights.be\/nl\/wp-json\/wp\/v2\/media?parent=4544"}],"curies":[{"name":"wp","href":"https:\/\/api.w.org\/{rel}","templated":true}]}}