{"id":4540,"date":"2024-10-08T19:52:55","date_gmt":"2024-10-08T17:52:55","guid":{"rendered":"https:\/\/www.elights.be\/informatie\/technische-ondersteuning-atea-parlofonie\/"},"modified":"2024-10-08T19:54:30","modified_gmt":"2024-10-08T17:54:30","slug":"technische-ondersteuning-atea-parlofonie","status":"publish","type":"page","link":"https:\/\/www.elights.be\/nl\/informatie\/technische-ondersteuning-atea-parlofonie\/","title":{"rendered":"Technische ondersteuning ATEA Parlofonie"},"content":{"rendered":"\n<ul class=\"wp-block-list\">\n<li><a href=\"https:\/\/www.elights.be\/nl\/informatie\/serie-9300\/\">9300 gamma (NOV 903) : Installatie aanbevelingen en universeel vervanginigschema<\/a><\/li>\n\n\n\n<li><a href=\"https:\/\/www.elights.be\/wp-content\/uploads\/2017\/04\/Cataloog-ATEA_NL.pdf\" target=\"_blank\" rel=\"noreferrer noopener\">Originele ATEA cataloog<\/a><\/li>\n\n\n\n<li><a href=\"https:\/\/www.elights.be\/wp-content\/uploads\/2017\/04\/connexions-NOV903-vrs-vieux-mod%C3%A8les.pdf\" target=\"_blank\" rel=\"noreferrer noopener\">Vervanging oude toestellen door NOV903\/NOV204<\/a><\/li>\n<\/ul>\n\n<p>Volg ons <a href=\"https:\/\/www.linkedin.com\/company\/elights\/\" target=\"_blank\" rel=\"noreferrer noopener\">op LinkedIn<\/a> !<\/p>\n","protected":false},"excerpt":{"rendered":"<p>Volg ons op LinkedIn !<\/p>\n","protected":false},"author":2,"featured_media":0,"parent":4532,"menu_order":0,"comment_status":"closed","ping_status":"closed","template":"","meta":{"_acf_changed":false,"footnotes":""},"class_list":["post-4540","page","type-page","status-publish","hentry"],"acf":[],"yoast_head":"<!-- This site is optimized with the Yoast SEO plugin v27.5 - https:\/\/yoast.com\/product\/yoast-seo-wordpress\/ -->\n<title>Technische ondersteuning ATEA Parlofonie - Elights<\/title>\n<meta name=\"robots\" content=\"index, follow, max-snippet:-1, max-image-preview:large, max-video-preview:-1\" \/>\n<link rel=\"canonical\" href=\"https:\/\/www.elights.be\/nl\/informatie\/technische-ondersteuning-atea-parlofonie\/\" \/>\n<meta property=\"og:locale\" content=\"nl_NL\" \/>\n<meta property=\"og:type\" content=\"article\" \/>\n<meta property=\"og:title\" content=\"Technische ondersteuning ATEA Parlofonie - Elights\" \/>\n<meta property=\"og:description\" content=\"Volg ons op LinkedIn !\" \/>\n<meta property=\"og:url\" content=\"https:\/\/www.elights.be\/nl\/informatie\/technische-ondersteuning-atea-parlofonie\/\" \/>\n<meta property=\"og:site_name\" content=\"Elights\" \/>\n<meta property=\"article:modified_time\" content=\"2024-10-08T17:54:30+00:00\" \/>\n<meta name=\"twitter:card\" content=\"summary_large_image\" \/>\n<script type=\"application\/ld+json\" class=\"yoast-schema-graph\">{\"@context\":\"https:\\\/\\\/schema.org\",\"@graph\":[{\"@type\":\"WebPage\",\"@id\":\"https:\\\/\\\/www.elights.be\\\/nl\\\/informatie\\\/technische-ondersteuning-atea-parlofonie\\\/\",\"url\":\"https:\\\/\\\/www.elights.be\\\/nl\\\/informatie\\\/technische-ondersteuning-atea-parlofonie\\\/\",\"name\":\"Technische ondersteuning ATEA Parlofonie - Elights\",\"isPartOf\":{\"@id\":\"https:\\\/\\\/www.elights.be\\\/#website\"},\"datePublished\":\"2024-10-08T17:52:55+00:00\",\"dateModified\":\"2024-10-08T17:54:30+00:00\",\"breadcrumb\":{\"@id\":\"https:\\\/\\\/www.elights.be\\\/nl\\\/informatie\\\/technische-ondersteuning-atea-parlofonie\\\/#breadcrumb\"},\"inLanguage\":\"nl-NL\",\"potentialAction\":[{\"@type\":\"ReadAction\",\"target\":[\"https:\\\/\\\/www.elights.be\\\/nl\\\/informatie\\\/technische-ondersteuning-atea-parlofonie\\\/\"]}]},{\"@type\":\"BreadcrumbList\",\"@id\":\"https:\\\/\\\/www.elights.be\\\/nl\\\/informatie\\\/technische-ondersteuning-atea-parlofonie\\\/#breadcrumb\",\"itemListElement\":[{\"@type\":\"ListItem\",\"position\":1,\"name\":\"Accueil\",\"item\":\"https:\\\/\\\/www.elights.be\\\/\"},{\"@type\":\"ListItem\",\"position\":2,\"name\":\"Info\",\"item\":\"https:\\\/\\\/www.elights.be\\\/nl\\\/informatie\\\/\"},{\"@type\":\"ListItem\",\"position\":3,\"name\":\"Technische ondersteuning ATEA Parlofonie\"}]},{\"@type\":\"WebSite\",\"@id\":\"https:\\\/\\\/www.elights.be\\\/#website\",\"url\":\"https:\\\/\\\/www.elights.be\\\/\",\"name\":\"Elights\",\"description\":\"ELights est votre partenaire id\u00e9al en \u00e9clairages de s\u00e9curit\u00e9, et en parlophonie ATEA.\",\"publisher\":{\"@id\":\"https:\\\/\\\/www.elights.be\\\/#organization\"},\"potentialAction\":[{\"@type\":\"SearchAction\",\"target\":{\"@type\":\"EntryPoint\",\"urlTemplate\":\"https:\\\/\\\/www.elights.be\\\/?s={search_term_string}\"},\"query-input\":{\"@type\":\"PropertyValueSpecification\",\"valueRequired\":true,\"valueName\":\"search_term_string\"}}],\"inLanguage\":\"nl-NL\"},{\"@type\":\"Organization\",\"@id\":\"https:\\\/\\\/www.elights.be\\\/#organization\",\"name\":\"Elights\",\"url\":\"https:\\\/\\\/www.elights.be\\\/\",\"logo\":{\"@type\":\"ImageObject\",\"inLanguage\":\"nl-NL\",\"@id\":\"https:\\\/\\\/www.elights.be\\\/#\\\/schema\\\/logo\\\/image\\\/\",\"url\":\"https:\\\/\\\/www.elights.be\\\/wp-content\\\/uploads\\\/2024\\\/10\\\/cet_white-1.webp\",\"contentUrl\":\"https:\\\/\\\/www.elights.be\\\/wp-content\\\/uploads\\\/2024\\\/10\\\/cet_white-1.webp\",\"width\":376,\"height\":204,\"caption\":\"Elights\"},\"image\":{\"@id\":\"https:\\\/\\\/www.elights.be\\\/#\\\/schema\\\/logo\\\/image\\\/\"}}]}<\/script>\n<!-- \/ Yoast SEO plugin. -->","yoast_head_json":{"title":"Technische ondersteuning ATEA Parlofonie - Elights","robots":{"index":"index","follow":"follow","max-snippet":"max-snippet:-1","max-image-preview":"max-image-preview:large","max-video-preview":"max-video-preview:-1"},"canonical":"https:\/\/www.elights.be\/nl\/informatie\/technische-ondersteuning-atea-parlofonie\/","og_locale":"nl_NL","og_type":"article","og_title":"Technische ondersteuning ATEA Parlofonie - Elights","og_description":"Volg ons op LinkedIn !","og_url":"https:\/\/www.elights.be\/nl\/informatie\/technische-ondersteuning-atea-parlofonie\/","og_site_name":"Elights","article_modified_time":"2024-10-08T17:54:30+00:00","twitter_card":"summary_large_image","schema":{"@context":"https:\/\/schema.org","@graph":[{"@type":"WebPage","@id":"https:\/\/www.elights.be\/nl\/informatie\/technische-ondersteuning-atea-parlofonie\/","url":"https:\/\/www.elights.be\/nl\/informatie\/technische-ondersteuning-atea-parlofonie\/","name":"Technische ondersteuning ATEA Parlofonie - Elights","isPartOf":{"@id":"https:\/\/www.elights.be\/#website"},"datePublished":"2024-10-08T17:52:55+00:00","dateModified":"2024-10-08T17:54:30+00:00","breadcrumb":{"@id":"https:\/\/www.elights.be\/nl\/informatie\/technische-ondersteuning-atea-parlofonie\/#breadcrumb"},"inLanguage":"nl-NL","potentialAction":[{"@type":"ReadAction","target":["https:\/\/www.elights.be\/nl\/informatie\/technische-ondersteuning-atea-parlofonie\/"]}]},{"@type":"BreadcrumbList","@id":"https:\/\/www.elights.be\/nl\/informatie\/technische-ondersteuning-atea-parlofonie\/#breadcrumb","itemListElement":[{"@type":"ListItem","position":1,"name":"Accueil","item":"https:\/\/www.elights.be\/"},{"@type":"ListItem","position":2,"name":"Info","item":"https:\/\/www.elights.be\/nl\/informatie\/"},{"@type":"ListItem","position":3,"name":"Technische ondersteuning ATEA Parlofonie"}]},{"@type":"WebSite","@id":"https:\/\/www.elights.be\/#website","url":"https:\/\/www.elights.be\/","name":"Elights","description":"ELights est votre partenaire id\u00e9al en \u00e9clairages de s\u00e9curit\u00e9, et en parlophonie ATEA.","publisher":{"@id":"https:\/\/www.elights.be\/#organization"},"potentialAction":[{"@type":"SearchAction","target":{"@type":"EntryPoint","urlTemplate":"https:\/\/www.elights.be\/?s={search_term_string}"},"query-input":{"@type":"PropertyValueSpecification","valueRequired":true,"valueName":"search_term_string"}}],"inLanguage":"nl-NL"},{"@type":"Organization","@id":"https:\/\/www.elights.be\/#organization","name":"Elights","url":"https:\/\/www.elights.be\/","logo":{"@type":"ImageObject","inLanguage":"nl-NL","@id":"https:\/\/www.elights.be\/#\/schema\/logo\/image\/","url":"https:\/\/www.elights.be\/wp-content\/uploads\/2024\/10\/cet_white-1.webp","contentUrl":"https:\/\/www.elights.be\/wp-content\/uploads\/2024\/10\/cet_white-1.webp","width":376,"height":204,"caption":"Elights"},"image":{"@id":"https:\/\/www.elights.be\/#\/schema\/logo\/image\/"}}]}},"_links":{"self":[{"href":"https:\/\/www.elights.be\/nl\/wp-json\/wp\/v2\/pages\/4540","targetHints":{"allow":["GET"]}}],"collection":[{"href":"https:\/\/www.elights.be\/nl\/wp-json\/wp\/v2\/pages"}],"about":[{"href":"https:\/\/www.elights.be\/nl\/wp-json\/wp\/v2\/types\/page"}],"author":[{"embeddable":true,"href":"https:\/\/www.elights.be\/nl\/wp-json\/wp\/v2\/users\/2"}],"replies":[{"embeddable":true,"href":"https:\/\/www.elights.be\/nl\/wp-json\/wp\/v2\/comments?post=4540"}],"version-history":[{"count":3,"href":"https:\/\/www.elights.be\/nl\/wp-json\/wp\/v2\/pages\/4540\/revisions"}],"predecessor-version":[{"id":4543,"href":"https:\/\/www.elights.be\/nl\/wp-json\/wp\/v2\/pages\/4540\/revisions\/4543"}],"up":[{"embeddable":true,"href":"https:\/\/www.elights.be\/nl\/wp-json\/wp\/v2\/pages\/4532"}],"wp:attachment":[{"href":"https:\/\/www.elights.be\/nl\/wp-json\/wp\/v2\/media?parent=4540"}],"curies":[{"name":"wp","href":"https:\/\/api.w.org\/{rel}","templated":true}]}}