{"id":4538,"date":"2024-10-08T19:38:20","date_gmt":"2024-10-08T17:38:20","guid":{"rendered":"https:\/\/www.elights.be\/informatie\/serie-9300\/"},"modified":"2024-10-08T19:38:20","modified_gmt":"2024-10-08T17:38:20","slug":"serie-9300","status":"publish","type":"page","link":"https:\/\/www.elights.be\/nl\/informatie\/serie-9300\/","title":{"rendered":"Serie 9300"},"content":{"rendered":"\n<p><strong>Universele vervangingsschema :<\/strong><\/p>\n\n<div class=\"wp-block-buttons is-layout-flex wp-block-buttons-is-layout-flex\">\n<div class=\"wp-block-button\"><a class=\"wp-block-button__link wp-element-button\" href=\"https:\/\/www.elights.be\/wp-content\/uploads\/2021\/03\/schema-general-2021.pdf\" target=\"_blank\" rel=\"noreferrer noopener\">Universele vervangingsschema<\/a><\/div>\n<\/div>\n\n<h2 class=\"wp-block-heading\">Installatie aanbevelingen<\/h2>\n\n<ol class=\"wp-block-list\">\n<li>Houd een minimum afstand van 10 cm tussen de kabels van de installatie en elektrische leidingen (230\/280V)<\/li>\n\n\n\n<li>U mag niet meer dan 5 lampjes aansluiten op de voedingen van het type ALD117 et ALD 118<\/li>\n\n\n\n<li>U kan meerdere telefoontoestellen type NOV903 in parallel schakelen maar er mogen niet meer dan 5 bellen tegelijkertijd overgaan per oproep.<\/li>\n\n\n\n<li>Indien u gebruik maakt van de MPB 001E met verlichting mag de bel geen kleinere weerstand hebben dan 25 ohm.<\/li>\n\n\n\n<li>Indien u een relaiskast gebruikt bij een installatie en de elektrische gong werkt niet dient u beide aansluitdraden van de gong om te wisselen ( de relaiskast bevat 2 dioden die de stroom kunnen blokkeren)<\/li>\n<\/ol>\n","protected":false},"excerpt":{"rendered":"<p>Universele vervangingsschema : Installatie aanbevelingen<\/p>\n","protected":false},"author":6,"featured_media":0,"parent":4532,"menu_order":0,"comment_status":"closed","ping_status":"closed","template":"","meta":{"_acf_changed":false,"footnotes":""},"class_list":["post-4538","page","type-page","status-publish","hentry"],"acf":[],"yoast_head":"<!-- This site is optimized with the Yoast SEO plugin v27.5 - https:\/\/yoast.com\/product\/yoast-seo-wordpress\/ -->\n<title>Serie 9300 - Elights<\/title>\n<meta name=\"robots\" content=\"index, follow, max-snippet:-1, max-image-preview:large, max-video-preview:-1\" \/>\n<link rel=\"canonical\" href=\"https:\/\/www.elights.be\/nl\/informatie\/serie-9300\/\" \/>\n<meta property=\"og:locale\" content=\"nl_NL\" \/>\n<meta property=\"og:type\" content=\"article\" \/>\n<meta property=\"og:title\" content=\"Serie 9300 - Elights\" \/>\n<meta property=\"og:description\" content=\"Universele vervangingsschema : Installatie aanbevelingen\" \/>\n<meta property=\"og:url\" content=\"https:\/\/www.elights.be\/nl\/informatie\/serie-9300\/\" \/>\n<meta property=\"og:site_name\" content=\"Elights\" \/>\n<meta name=\"twitter:card\" content=\"summary_large_image\" \/>\n<meta name=\"twitter:label1\" content=\"Geschatte leestijd\" \/>\n\t<meta name=\"twitter:data1\" content=\"1 minuut\" \/>\n<script type=\"application\/ld+json\" class=\"yoast-schema-graph\">{\"@context\":\"https:\\\/\\\/schema.org\",\"@graph\":[{\"@type\":\"WebPage\",\"@id\":\"https:\\\/\\\/www.elights.be\\\/nl\\\/informatie\\\/serie-9300\\\/\",\"url\":\"https:\\\/\\\/www.elights.be\\\/nl\\\/informatie\\\/serie-9300\\\/\",\"name\":\"Serie 9300 - Elights\",\"isPartOf\":{\"@id\":\"https:\\\/\\\/www.elights.be\\\/#website\"},\"datePublished\":\"2024-10-08T17:38:20+00:00\",\"breadcrumb\":{\"@id\":\"https:\\\/\\\/www.elights.be\\\/nl\\\/informatie\\\/serie-9300\\\/#breadcrumb\"},\"inLanguage\":\"nl-NL\",\"potentialAction\":[{\"@type\":\"ReadAction\",\"target\":[\"https:\\\/\\\/www.elights.be\\\/nl\\\/informatie\\\/serie-9300\\\/\"]}]},{\"@type\":\"BreadcrumbList\",\"@id\":\"https:\\\/\\\/www.elights.be\\\/nl\\\/informatie\\\/serie-9300\\\/#breadcrumb\",\"itemListElement\":[{\"@type\":\"ListItem\",\"position\":1,\"name\":\"Accueil\",\"item\":\"https:\\\/\\\/www.elights.be\\\/\"},{\"@type\":\"ListItem\",\"position\":2,\"name\":\"Info\",\"item\":\"https:\\\/\\\/www.elights.be\\\/nl\\\/informatie\\\/\"},{\"@type\":\"ListItem\",\"position\":3,\"name\":\"Serie 9300\"}]},{\"@type\":\"WebSite\",\"@id\":\"https:\\\/\\\/www.elights.be\\\/#website\",\"url\":\"https:\\\/\\\/www.elights.be\\\/\",\"name\":\"Elights\",\"description\":\"ELights est votre partenaire id\u00e9al en \u00e9clairages de s\u00e9curit\u00e9, et en parlophonie ATEA.\",\"publisher\":{\"@id\":\"https:\\\/\\\/www.elights.be\\\/#organization\"},\"potentialAction\":[{\"@type\":\"SearchAction\",\"target\":{\"@type\":\"EntryPoint\",\"urlTemplate\":\"https:\\\/\\\/www.elights.be\\\/?s={search_term_string}\"},\"query-input\":{\"@type\":\"PropertyValueSpecification\",\"valueRequired\":true,\"valueName\":\"search_term_string\"}}],\"inLanguage\":\"nl-NL\"},{\"@type\":\"Organization\",\"@id\":\"https:\\\/\\\/www.elights.be\\\/#organization\",\"name\":\"Elights\",\"url\":\"https:\\\/\\\/www.elights.be\\\/\",\"logo\":{\"@type\":\"ImageObject\",\"inLanguage\":\"nl-NL\",\"@id\":\"https:\\\/\\\/www.elights.be\\\/#\\\/schema\\\/logo\\\/image\\\/\",\"url\":\"https:\\\/\\\/www.elights.be\\\/wp-content\\\/uploads\\\/2024\\\/10\\\/cet_white-1.webp\",\"contentUrl\":\"https:\\\/\\\/www.elights.be\\\/wp-content\\\/uploads\\\/2024\\\/10\\\/cet_white-1.webp\",\"width\":376,\"height\":204,\"caption\":\"Elights\"},\"image\":{\"@id\":\"https:\\\/\\\/www.elights.be\\\/#\\\/schema\\\/logo\\\/image\\\/\"}}]}<\/script>\n<!-- \/ Yoast SEO plugin. -->","yoast_head_json":{"title":"Serie 9300 - Elights","robots":{"index":"index","follow":"follow","max-snippet":"max-snippet:-1","max-image-preview":"max-image-preview:large","max-video-preview":"max-video-preview:-1"},"canonical":"https:\/\/www.elights.be\/nl\/informatie\/serie-9300\/","og_locale":"nl_NL","og_type":"article","og_title":"Serie 9300 - Elights","og_description":"Universele vervangingsschema : Installatie aanbevelingen","og_url":"https:\/\/www.elights.be\/nl\/informatie\/serie-9300\/","og_site_name":"Elights","twitter_card":"summary_large_image","twitter_misc":{"Geschatte leestijd":"1 minuut"},"schema":{"@context":"https:\/\/schema.org","@graph":[{"@type":"WebPage","@id":"https:\/\/www.elights.be\/nl\/informatie\/serie-9300\/","url":"https:\/\/www.elights.be\/nl\/informatie\/serie-9300\/","name":"Serie 9300 - Elights","isPartOf":{"@id":"https:\/\/www.elights.be\/#website"},"datePublished":"2024-10-08T17:38:20+00:00","breadcrumb":{"@id":"https:\/\/www.elights.be\/nl\/informatie\/serie-9300\/#breadcrumb"},"inLanguage":"nl-NL","potentialAction":[{"@type":"ReadAction","target":["https:\/\/www.elights.be\/nl\/informatie\/serie-9300\/"]}]},{"@type":"BreadcrumbList","@id":"https:\/\/www.elights.be\/nl\/informatie\/serie-9300\/#breadcrumb","itemListElement":[{"@type":"ListItem","position":1,"name":"Accueil","item":"https:\/\/www.elights.be\/"},{"@type":"ListItem","position":2,"name":"Info","item":"https:\/\/www.elights.be\/nl\/informatie\/"},{"@type":"ListItem","position":3,"name":"Serie 9300"}]},{"@type":"WebSite","@id":"https:\/\/www.elights.be\/#website","url":"https:\/\/www.elights.be\/","name":"Elights","description":"ELights est votre partenaire id\u00e9al en \u00e9clairages de s\u00e9curit\u00e9, et en parlophonie ATEA.","publisher":{"@id":"https:\/\/www.elights.be\/#organization"},"potentialAction":[{"@type":"SearchAction","target":{"@type":"EntryPoint","urlTemplate":"https:\/\/www.elights.be\/?s={search_term_string}"},"query-input":{"@type":"PropertyValueSpecification","valueRequired":true,"valueName":"search_term_string"}}],"inLanguage":"nl-NL"},{"@type":"Organization","@id":"https:\/\/www.elights.be\/#organization","name":"Elights","url":"https:\/\/www.elights.be\/","logo":{"@type":"ImageObject","inLanguage":"nl-NL","@id":"https:\/\/www.elights.be\/#\/schema\/logo\/image\/","url":"https:\/\/www.elights.be\/wp-content\/uploads\/2024\/10\/cet_white-1.webp","contentUrl":"https:\/\/www.elights.be\/wp-content\/uploads\/2024\/10\/cet_white-1.webp","width":376,"height":204,"caption":"Elights"},"image":{"@id":"https:\/\/www.elights.be\/#\/schema\/logo\/image\/"}}]}},"_links":{"self":[{"href":"https:\/\/www.elights.be\/nl\/wp-json\/wp\/v2\/pages\/4538","targetHints":{"allow":["GET"]}}],"collection":[{"href":"https:\/\/www.elights.be\/nl\/wp-json\/wp\/v2\/pages"}],"about":[{"href":"https:\/\/www.elights.be\/nl\/wp-json\/wp\/v2\/types\/page"}],"author":[{"embeddable":true,"href":"https:\/\/www.elights.be\/nl\/wp-json\/wp\/v2\/users\/6"}],"replies":[{"embeddable":true,"href":"https:\/\/www.elights.be\/nl\/wp-json\/wp\/v2\/comments?post=4538"}],"version-history":[{"count":1,"href":"https:\/\/www.elights.be\/nl\/wp-json\/wp\/v2\/pages\/4538\/revisions"}],"predecessor-version":[{"id":4539,"href":"https:\/\/www.elights.be\/nl\/wp-json\/wp\/v2\/pages\/4538\/revisions\/4539"}],"up":[{"embeddable":true,"href":"https:\/\/www.elights.be\/nl\/wp-json\/wp\/v2\/pages\/4532"}],"wp:attachment":[{"href":"https:\/\/www.elights.be\/nl\/wp-json\/wp\/v2\/media?parent=4538"}],"curies":[{"name":"wp","href":"https:\/\/api.w.org\/{rel}","templated":true}]}}