{"id":4536,"date":"2024-10-08T19:35:18","date_gmt":"2024-10-08T17:35:18","guid":{"rendered":"https:\/\/www.elights.be\/informatie\/technische-ondersteuning-cet-technics-noodverlichting\/"},"modified":"2025-03-14T15:44:04","modified_gmt":"2025-03-14T14:44:04","slug":"technische-ondersteuning-cet-technics-noodverlichting","status":"publish","type":"page","link":"https:\/\/www.elights.be\/nl\/informatie\/technische-ondersteuning-cet-technics-noodverlichting\/","title":{"rendered":"Technische ondersteuning \u201cCE+T TECHNICS\u201d Noodverlichting"},"content":{"rendered":"\n<p>Elights is lid van de studiegroep \u201cVerlichting\u201d van AGORIA. De bedrijvengroep <strong>Verlichting<\/strong> groepeert de fabrikanten en leveranciers van binnenverlichting (zowel decoratieve verlichting als functionele verlichting), alsook de bedrijven die actief zijn in het aansturen van deze verlichting. <\/p>\n\n\n\n<h2 class=\"wp-block-heading\">Welk toestel voor mijn project ?<\/h2>\n\n\n\n<div class=\"wp-block-buttons is-layout-flex wp-block-buttons-is-layout-flex\">\n<div class=\"wp-block-button\"><a class=\"wp-block-button__link wp-element-button\" href=\"https:\/\/www.elights.be\/wp-content\/uploads\/2023\/07\/2023-07_Noodverlichting-Keuzetabel.pdf\" target=\"_blank\" rel=\"noreferrer noopener\">Keuzetabel<\/a><\/div>\n<\/div>\n\n\n\n<div class=\"wp-block-buttons is-layout-flex wp-block-buttons-is-layout-flex\">\n<div class=\"wp-block-button\"><a class=\"wp-block-button__link wp-element-button\" href=\"https:\/\/www.elights.be\/wp-content\/uploads\/2025\/03\/Outside-lighting.pdf\">Buiten Noodverlichting IP65 en meer<\/a><\/div>\n<\/div>\n\n\n\n<h2 class=\"wp-block-heading\">Tussenafstanden<\/h2>\n\n\n\n<p><span class=\"Y2IQFc\" lang=\"fr\">Welke tussenafstand dient u aan te houden voor onze noodverlichtingen conform de normering? Hieronder kan u voor elk toestel de tabel downloaden. <\/span><\/p>\n\n\n<p><a href=\"https:\/\/www.elights.be\/wp-content\/uploads\/2024\/05\/SPACING-TABLE-ARGOS15NP-LED.pdf\" target=\"_blank\" rel=\"noopener\">ARGOS15(N)P-LED<\/a><\/p>\n<p><a href=\"https:\/\/www.elights.be\/wp-content\/uploads\/2024\/05\/SPACING-TABLE-ARGOS20NP-LED.pdf\" target=\"_blank\" rel=\"noopener\">ARGOS20(N)P-LED<\/a><\/p>\n<p><a href=\"https:\/\/www.elights.be\/wp-content\/uploads\/2024\/05\/SPACING-TABLE-ARGOS35NP-LED.pdf\" target=\"_blank\" rel=\"noopener\">ARGOS35(N)P-LED<\/a><\/p>\n<p><a href=\"https:\/\/www.elights.be\/wp-content\/uploads\/2024\/05\/SPACING-TABLE-BLUELINE-WAX8-3M-WAX20PHA.pdf\" target=\"_blank\" rel=\"noopener\">BLUELINE-WAX8-3M-WAX20PHA<\/a><\/p>\n<p><a href=\"https:\/\/www.elights.be\/wp-content\/uploads\/2024\/05\/SPACING-TABLE-BLUELINE-WAX460.pdf\" target=\"_blank\" rel=\"noopener\">BLUELINE-WAX460<\/a><\/p>\n<p><a href=\"https:\/\/www.elights.be\/wp-content\/uploads\/2024\/05\/SPACING-TABLE-BLUELINE-WAX480-WAX480A.pdf\">BLUELINE-WAX480-WAX480A<\/a><\/p>\n<p><a href=\"https:\/\/www.elights.be\/wp-content\/uploads\/2024\/05\/SPACING-TABLE-CIRCIS35PA-AP-CIRCIS35PHA-AP.pdf\" target=\"_blank\" rel=\"noopener\">CIRCIS35PA-AP-CIRCIS35PHA-AP<\/a><\/p>\n<p><a href=\"https:\/\/www.elights.be\/wp-content\/uploads\/2024\/05\/SPACING-TABLE-CIRCIS-48PHA-LED3.pdf\">CIRCIS-48PHA-LED3<\/a><\/p>\n<p><a href=\"https:\/\/www.elights.be\/wp-content\/uploads\/2024\/05\/SPACING-TABLE-INDOS180NPAC.pdf\" target=\"_blank\" rel=\"noopener\">INDOS180NPAC<\/a><\/p>\n<p><a href=\"https:\/\/www.elights.be\/wp-content\/uploads\/2024\/05\/SPACING-TABLE-INDOS320NP-320NPA.pdf\" target=\"_blank\" rel=\"noopener\">INDOS320NP-320NPA<\/a><\/p>\n<p><a href=\"https:\/\/www.elights.be\/wp-content\/uploads\/2024\/05\/SPACING-TABLE-LUCIOLE-30NPA-DUO.pdf\" target=\"_blank\" rel=\"noopener\">LUCIOLE-30NPA-DUO<\/a><\/p>\n<p><a href=\"https:\/\/www.elights.be\/wp-content\/uploads\/2024\/05\/SPACING-TABLE-LUCIOLE-30PLA-DUO.pdf\" target=\"_blank\" rel=\"noopener\">LUCIOLE-30PLA-DUO<\/a><\/p>\n<p><a href=\"https:\/\/www.elights.be\/wp-content\/uploads\/2024\/05\/SPACING-TABLE-LUCIOLE15NPLA-AP.pdf\" target=\"_blank\" rel=\"noopener\">LUCIOLE15NPLA-AP<\/a><\/p>\n<p><a href=\"https:\/\/www.elights.be\/wp-content\/uploads\/2024\/05\/SPACING-TABLE-LUCIOLE15NPLA-ER.pdf\" target=\"_blank\" rel=\"noopener\">LUCIOLE15NPLA-ER<\/a><\/p>\n<p><a href=\"https:\/\/www.elights.be\/wp-content\/uploads\/2024\/05\/SPACING-TABLE-LUCIOLE18PHLAC-SP.pdf\" target=\"_blank\" rel=\"noopener\">LUCIOLE18P(H)(L)A(C)-SP<\/a><\/p>\n<p><a href=\"https:\/\/www.elights.be\/wp-content\/uploads\/2024\/05\/SPACING-TABLE-LUCIOLE18PLAC-AP.pdf\" target=\"_blank\" rel=\"noopener\">LUCIOLE18P(L)A(C)-AP<\/a><\/p>\n<p><a href=\"https:\/\/www.elights.be\/wp-content\/uploads\/2024\/05\/SPACING-TABLE-LUCIOLE18PHAC-AP.pdf\" target=\"_blank\" rel=\"noopener\">LUCIOLE18PHA(C)-AP<\/a><\/p>\n<p><a href=\"https:\/\/www.elights.be\/wp-content\/uploads\/2024\/05\/SPACING-TABLE-LUCIOLE18PLAC-ER.pdf\" target=\"_blank\" rel=\"noopener\">LUCIOLE18P(L)A(C)-ER<\/a><\/p>\n<p><a href=\"https:\/\/www.elights.be\/wp-content\/uploads\/2024\/05\/SPACING-TABLE-LUCIOLE18PHAC-ER.pdf\">LUCIOLE18PHA(C)-ER<\/a><\/p>\n<p><a href=\"https:\/\/www.elights.be\/wp-content\/uploads\/2024\/05\/SPACING-TABLE-ONYX10P.pdf\" target=\"_blank\" rel=\"noopener\">ONYX10P<\/a><\/p>\n<p><a href=\"https:\/\/www.elights.be\/wp-content\/uploads\/2024\/05\/SPACING-TABLE-ONYX30PHA-AP.pdf\" target=\"_blank\" rel=\"noopener\">ONYX30PHA-AP<\/a><\/p>\n<p><a href=\"https:\/\/www.elights.be\/wp-content\/uploads\/2024\/05\/SPACING-TABLE-ONYX30PHA-ER.pdf\" target=\"_blank\" rel=\"noopener\">ONYX30PHA-ER<\/a><\/p>\n<p><a href=\"https:\/\/www.elights.be\/wp-content\/uploads\/2024\/05\/SPACING-TABLE-OREOS20NPAC-LED.pdf\" target=\"_blank\" rel=\"noopener\">OREOS20(N)P(A)(C)-LED.pdf<\/a><\/p>\n<p><a href=\"https:\/\/www.elights.be\/wp-content\/uploads\/2024\/05\/SPACING-TABLE-SUPRA-10PHA.pdf\" target=\"_blank\" rel=\"noopener\">SUPRA-10PHA<\/a><\/p>\n\n\n\n<h2 class=\"wp-block-heading\">Regels van goed vakmanschap noodverlichting<\/h2>\n\n\n\n<div class=\"wp-block-buttons is-layout-flex wp-block-buttons-is-layout-flex\">\n<div class=\"wp-block-button\"><a class=\"wp-block-button__link wp-element-button\" href=\"https:\/\/www.elights.be\/wp-content\/uploads\/2021\/02\/Whitepaper_NL_WEB_DEF3.pdf\" target=\"_blank\" rel=\"noreferrer noopener\">Het witboek over noodverlichting<\/a><\/div>\n<\/div>\n\n\n\n<h2 class=\"wp-block-heading\">Normen<\/h2>\n\n\n\n<h3 class=\"wp-block-heading\">Technische normen<\/h3>\n\n\n\n<figure class=\"wp-block-table table table-responsive\"><table class=\"has-fixed-layout\"><tbody><tr><td>NBN EN 60 598-1<\/td><td>Verlichtingsarmaturen<\/td><\/tr><tr><td>NBN EN 60 598-2.22<\/td><td>Armaturen \u2013 Bijzondere eisen: Armaturen voor noodverlichtingen<\/td><\/tr><tr><td>NBN EN 61000-6-3<\/td><td>Elektromagnetische compatibiliteit : straling Deel1 : residenti\u00eble , commerci\u00eble en industri\u00eble omgevingen.<\/td><\/tr><tr><td>NBN EN 61000-6-1<\/td><td>Elektromagnetische compatibiliteit : immuniteit Deel1 : residenti\u00eble , commerci\u00eble en industri\u00eble omgevingen. <\/td><\/tr><\/tbody><\/table><\/figure>\n\n\n\n<h3 class=\"wp-block-heading\">Toepassing<\/h3>\n\n\n\n<figure class=\"wp-block-table table table-responsive\"><table class=\"has-fixed-layout\"><tbody><tr><td>NBN EN 1838<\/td><td>Toepassingen veiligheidstechnieken : veiligheidsverlichtingen<\/td><\/tr><tr><td>NBN C71-100<\/td><td>Veiligheidsverlichtingen : regels voor installatie en instructies voor controle en onderhoud<\/td><\/tr><\/tbody><\/table><\/figure>\n\n\n\n<h2 class=\"wp-block-heading\"><em>Centrunit<\/em> software<\/h2>\n\n\n\n<div class=\"wp-block-buttons is-layout-flex wp-block-buttons-is-layout-flex\">\n<div class=\"wp-block-button\"><a class=\"wp-block-button__link wp-element-button\" href=\"https:\/\/www.elights.be\/wp-content\/uploads\/2017\/03\/CET-TECHNICS-CENTRUNIT_EN.pdf\" target=\"_blank\" rel=\"noreferrer noopener\">Handleiding downloaden<\/a><\/div>\n<\/div>\n\n\n\n<p><\/p>\n\n\n\n<p>Volg ons <a href=\"https:\/\/www.linkedin.com\/company\/elights\/\" target=\"_blank\" rel=\"noreferrer noopener\">op LinkedIn<\/a> !<\/p>\n","protected":false},"excerpt":{"rendered":"<p>Elights is lid van de studiegroep \u201cVerlichting\u201d van AGORIA. De bedrijvengroep Verlichting groepeert de fabrikanten en leveranciers van binnenverlichting (zowel decoratieve verlichting als functionele verlichting), alsook de bedrijven die actief zijn in het aansturen van deze verlichting. Welk toestel voor mijn project ? Tussenafstanden Welke tussenafstand dient u aan te houden voor onze noodverlichtingen conform [&hellip;]<\/p>\n","protected":false},"author":2,"featured_media":0,"parent":4532,"menu_order":0,"comment_status":"closed","ping_status":"closed","template":"","meta":{"_acf_changed":false,"footnotes":""},"class_list":["post-4536","page","type-page","status-publish","hentry"],"acf":[],"yoast_head":"<!-- This site is optimized with the Yoast SEO plugin v27.4 - https:\/\/yoast.com\/product\/yoast-seo-wordpress\/ -->\n<title>Technische ondersteuning \u201cCE+T TECHNICS\u201d Noodverlichting - Elights<\/title>\n<meta name=\"robots\" content=\"index, follow, max-snippet:-1, max-image-preview:large, max-video-preview:-1\" \/>\n<link rel=\"canonical\" href=\"https:\/\/www.elights.be\/nl\/informatie\/technische-ondersteuning-cet-technics-noodverlichting\/\" \/>\n<meta property=\"og:locale\" content=\"nl_NL\" \/>\n<meta property=\"og:type\" content=\"article\" \/>\n<meta property=\"og:title\" content=\"Technische ondersteuning \u201cCE+T TECHNICS\u201d Noodverlichting - Elights\" \/>\n<meta property=\"og:description\" content=\"Elights is lid van de studiegroep \u201cVerlichting\u201d van AGORIA. De bedrijvengroep Verlichting groepeert de fabrikanten en leveranciers van binnenverlichting (zowel decoratieve verlichting als functionele verlichting), alsook de bedrijven die actief zijn in het aansturen van deze verlichting. Welk toestel voor mijn project ? Tussenafstanden Welke tussenafstand dient u aan te houden voor onze noodverlichtingen conform [&hellip;]\" \/>\n<meta property=\"og:url\" content=\"https:\/\/www.elights.be\/nl\/informatie\/technische-ondersteuning-cet-technics-noodverlichting\/\" \/>\n<meta property=\"og:site_name\" content=\"Elights\" \/>\n<meta property=\"article:modified_time\" content=\"2025-03-14T14:44:04+00:00\" \/>\n<meta name=\"twitter:card\" content=\"summary_large_image\" \/>\n<meta name=\"twitter:label1\" content=\"Geschatte leestijd\" \/>\n\t<meta name=\"twitter:data1\" content=\"1 minuut\" \/>\n<script type=\"application\/ld+json\" class=\"yoast-schema-graph\">{\"@context\":\"https:\\\/\\\/schema.org\",\"@graph\":[{\"@type\":\"WebPage\",\"@id\":\"https:\\\/\\\/www.elights.be\\\/nl\\\/informatie\\\/technische-ondersteuning-cet-technics-noodverlichting\\\/\",\"url\":\"https:\\\/\\\/www.elights.be\\\/nl\\\/informatie\\\/technische-ondersteuning-cet-technics-noodverlichting\\\/\",\"name\":\"Technische ondersteuning \u201cCE+T TECHNICS\u201d Noodverlichting - Elights\",\"isPartOf\":{\"@id\":\"https:\\\/\\\/www.elights.be\\\/#website\"},\"datePublished\":\"2024-10-08T17:35:18+00:00\",\"dateModified\":\"2025-03-14T14:44:04+00:00\",\"breadcrumb\":{\"@id\":\"https:\\\/\\\/www.elights.be\\\/nl\\\/informatie\\\/technische-ondersteuning-cet-technics-noodverlichting\\\/#breadcrumb\"},\"inLanguage\":\"nl-NL\",\"potentialAction\":[{\"@type\":\"ReadAction\",\"target\":[\"https:\\\/\\\/www.elights.be\\\/nl\\\/informatie\\\/technische-ondersteuning-cet-technics-noodverlichting\\\/\"]}]},{\"@type\":\"BreadcrumbList\",\"@id\":\"https:\\\/\\\/www.elights.be\\\/nl\\\/informatie\\\/technische-ondersteuning-cet-technics-noodverlichting\\\/#breadcrumb\",\"itemListElement\":[{\"@type\":\"ListItem\",\"position\":1,\"name\":\"Accueil\",\"item\":\"https:\\\/\\\/www.elights.be\\\/\"},{\"@type\":\"ListItem\",\"position\":2,\"name\":\"Info\",\"item\":\"https:\\\/\\\/www.elights.be\\\/nl\\\/informatie\\\/\"},{\"@type\":\"ListItem\",\"position\":3,\"name\":\"Technische ondersteuning \u201cCE+T TECHNICS\u201d Noodverlichting\"}]},{\"@type\":\"WebSite\",\"@id\":\"https:\\\/\\\/www.elights.be\\\/#website\",\"url\":\"https:\\\/\\\/www.elights.be\\\/\",\"name\":\"Elights\",\"description\":\"ELights est votre partenaire id\u00e9al en \u00e9clairages de s\u00e9curit\u00e9, et en parlophonie ATEA.\",\"publisher\":{\"@id\":\"https:\\\/\\\/www.elights.be\\\/#organization\"},\"potentialAction\":[{\"@type\":\"SearchAction\",\"target\":{\"@type\":\"EntryPoint\",\"urlTemplate\":\"https:\\\/\\\/www.elights.be\\\/?s={search_term_string}\"},\"query-input\":{\"@type\":\"PropertyValueSpecification\",\"valueRequired\":true,\"valueName\":\"search_term_string\"}}],\"inLanguage\":\"nl-NL\"},{\"@type\":\"Organization\",\"@id\":\"https:\\\/\\\/www.elights.be\\\/#organization\",\"name\":\"Elights\",\"url\":\"https:\\\/\\\/www.elights.be\\\/\",\"logo\":{\"@type\":\"ImageObject\",\"inLanguage\":\"nl-NL\",\"@id\":\"https:\\\/\\\/www.elights.be\\\/#\\\/schema\\\/logo\\\/image\\\/\",\"url\":\"https:\\\/\\\/www.elights.be\\\/wp-content\\\/uploads\\\/2024\\\/10\\\/cet_white-1.webp\",\"contentUrl\":\"https:\\\/\\\/www.elights.be\\\/wp-content\\\/uploads\\\/2024\\\/10\\\/cet_white-1.webp\",\"width\":376,\"height\":204,\"caption\":\"Elights\"},\"image\":{\"@id\":\"https:\\\/\\\/www.elights.be\\\/#\\\/schema\\\/logo\\\/image\\\/\"}}]}<\/script>\n<!-- \/ Yoast SEO plugin. -->","yoast_head_json":{"title":"Technische ondersteuning \u201cCE+T TECHNICS\u201d Noodverlichting - Elights","robots":{"index":"index","follow":"follow","max-snippet":"max-snippet:-1","max-image-preview":"max-image-preview:large","max-video-preview":"max-video-preview:-1"},"canonical":"https:\/\/www.elights.be\/nl\/informatie\/technische-ondersteuning-cet-technics-noodverlichting\/","og_locale":"nl_NL","og_type":"article","og_title":"Technische ondersteuning \u201cCE+T TECHNICS\u201d Noodverlichting - Elights","og_description":"Elights is lid van de studiegroep \u201cVerlichting\u201d van AGORIA. De bedrijvengroep Verlichting groepeert de fabrikanten en leveranciers van binnenverlichting (zowel decoratieve verlichting als functionele verlichting), alsook de bedrijven die actief zijn in het aansturen van deze verlichting. Welk toestel voor mijn project ? Tussenafstanden Welke tussenafstand dient u aan te houden voor onze noodverlichtingen conform [&hellip;]","og_url":"https:\/\/www.elights.be\/nl\/informatie\/technische-ondersteuning-cet-technics-noodverlichting\/","og_site_name":"Elights","article_modified_time":"2025-03-14T14:44:04+00:00","twitter_card":"summary_large_image","twitter_misc":{"Geschatte leestijd":"1 minuut"},"schema":{"@context":"https:\/\/schema.org","@graph":[{"@type":"WebPage","@id":"https:\/\/www.elights.be\/nl\/informatie\/technische-ondersteuning-cet-technics-noodverlichting\/","url":"https:\/\/www.elights.be\/nl\/informatie\/technische-ondersteuning-cet-technics-noodverlichting\/","name":"Technische ondersteuning \u201cCE+T TECHNICS\u201d Noodverlichting - Elights","isPartOf":{"@id":"https:\/\/www.elights.be\/#website"},"datePublished":"2024-10-08T17:35:18+00:00","dateModified":"2025-03-14T14:44:04+00:00","breadcrumb":{"@id":"https:\/\/www.elights.be\/nl\/informatie\/technische-ondersteuning-cet-technics-noodverlichting\/#breadcrumb"},"inLanguage":"nl-NL","potentialAction":[{"@type":"ReadAction","target":["https:\/\/www.elights.be\/nl\/informatie\/technische-ondersteuning-cet-technics-noodverlichting\/"]}]},{"@type":"BreadcrumbList","@id":"https:\/\/www.elights.be\/nl\/informatie\/technische-ondersteuning-cet-technics-noodverlichting\/#breadcrumb","itemListElement":[{"@type":"ListItem","position":1,"name":"Accueil","item":"https:\/\/www.elights.be\/"},{"@type":"ListItem","position":2,"name":"Info","item":"https:\/\/www.elights.be\/nl\/informatie\/"},{"@type":"ListItem","position":3,"name":"Technische ondersteuning \u201cCE+T TECHNICS\u201d Noodverlichting"}]},{"@type":"WebSite","@id":"https:\/\/www.elights.be\/#website","url":"https:\/\/www.elights.be\/","name":"Elights","description":"ELights est votre partenaire id\u00e9al en \u00e9clairages de s\u00e9curit\u00e9, et en parlophonie ATEA.","publisher":{"@id":"https:\/\/www.elights.be\/#organization"},"potentialAction":[{"@type":"SearchAction","target":{"@type":"EntryPoint","urlTemplate":"https:\/\/www.elights.be\/?s={search_term_string}"},"query-input":{"@type":"PropertyValueSpecification","valueRequired":true,"valueName":"search_term_string"}}],"inLanguage":"nl-NL"},{"@type":"Organization","@id":"https:\/\/www.elights.be\/#organization","name":"Elights","url":"https:\/\/www.elights.be\/","logo":{"@type":"ImageObject","inLanguage":"nl-NL","@id":"https:\/\/www.elights.be\/#\/schema\/logo\/image\/","url":"https:\/\/www.elights.be\/wp-content\/uploads\/2024\/10\/cet_white-1.webp","contentUrl":"https:\/\/www.elights.be\/wp-content\/uploads\/2024\/10\/cet_white-1.webp","width":376,"height":204,"caption":"Elights"},"image":{"@id":"https:\/\/www.elights.be\/#\/schema\/logo\/image\/"}}]}},"_links":{"self":[{"href":"https:\/\/www.elights.be\/nl\/wp-json\/wp\/v2\/pages\/4536","targetHints":{"allow":["GET"]}}],"collection":[{"href":"https:\/\/www.elights.be\/nl\/wp-json\/wp\/v2\/pages"}],"about":[{"href":"https:\/\/www.elights.be\/nl\/wp-json\/wp\/v2\/types\/page"}],"author":[{"embeddable":true,"href":"https:\/\/www.elights.be\/nl\/wp-json\/wp\/v2\/users\/2"}],"replies":[{"embeddable":true,"href":"https:\/\/www.elights.be\/nl\/wp-json\/wp\/v2\/comments?post=4536"}],"version-history":[{"count":5,"href":"https:\/\/www.elights.be\/nl\/wp-json\/wp\/v2\/pages\/4536\/revisions"}],"predecessor-version":[{"id":5054,"href":"https:\/\/www.elights.be\/nl\/wp-json\/wp\/v2\/pages\/4536\/revisions\/5054"}],"up":[{"embeddable":true,"href":"https:\/\/www.elights.be\/nl\/wp-json\/wp\/v2\/pages\/4532"}],"wp:attachment":[{"href":"https:\/\/www.elights.be\/nl\/wp-json\/wp\/v2\/media?parent=4536"}],"curies":[{"name":"wp","href":"https:\/\/api.w.org\/{rel}","templated":true}]}}