{"id":4532,"date":"2024-10-08T19:23:25","date_gmt":"2024-10-08T17:23:25","guid":{"rendered":"https:\/\/www.elights.be\/informatie\/"},"modified":"2026-04-13T11:45:47","modified_gmt":"2026-04-13T09:45:47","slug":"informatie","status":"publish","type":"page","link":"https:\/\/www.elights.be\/nl\/informatie\/","title":{"rendered":"Info"},"content":{"rendered":"\t\t<div data-elementor-type=\"wp-page\" data-elementor-id=\"4532\" class=\"elementor elementor-4532 elementor-12\" data-elementor-post-type=\"page\">\n\t\t\t\t<div class=\"elementor-element elementor-element-4dcd6f14 e-flex e-con-boxed e-con e-parent\" data-id=\"4dcd6f14\" data-element_type=\"container\" data-e-type=\"container\">\n\t\t\t\t\t<div class=\"e-con-inner\">\n\t\t\t\t<div class=\"elementor-element elementor-element-437e9f10 elementor-widget elementor-widget-text-editor\" data-id=\"437e9f10\" data-element_type=\"widget\" data-e-type=\"widget\" data-widget_type=\"text-editor.default\">\n\t\t\t\t<div class=\"elementor-widget-container\">\n\t\t\t\t\t\t\t\t\t<h2 class=\"wp-block-heading has-text-align-left\">1. Verdelers<\/h2><p class=\"has-text-align-left\">Onze producten zijn in Belgi\u00eb beschikbaar bij verdelers opgenomen in onze offici\u00eble verdelerslijst.<\/p><p class=\"has-text-align-left\">In Nederland worden we vertegenwoordigd door <strong><a href=\"http:\/\/www.have-digitap.nl\/\" target=\"_blank\" rel=\"noopener noreferrer\">Have-Digitap<\/a><\/strong>.<\/p><p class=\"has-text-align-left\">Voor alle andere landen, gelieve ons te contacteren via E-mail : <a href=\"mailto:info@elights.be\">info@elights.be<\/a>.<\/p><div class=\"wp-block-buttons\"><div class=\"wp-block-button\"><a class=\"wp-block-button__link wp-element-button\" href=\"https:\/\/www.elights.be\/wp-content\/uploads\/2026\/04\/Distributeurs-officiels-2026-V1.pdf\">Onze Belgische verdelers<\/a><\/div><\/div><h2 class=\"wp-block-heading\">2. Garantie<\/h2><p class=\"has-text-align-left\">Bekijk <a href=\"https:\/\/www.elights.be\/informations\/garanties\/\">hier<\/a> de garantievoorwaarden voor onze producten.<\/p><h2 class=\"wp-block-heading\">3. Technische ondersteuning<\/h2><h5 class=\"wp-block-heading\"><a href=\"https:\/\/www.elights.be\/nl\/informatie\/technische-ondersteuning-cet-technics-noodverlichting\/\">\u201cCE+T TECHNICS\u201d Noodverlichting<\/a><\/h5><h5 class=\"wp-block-heading\"><a href=\"https:\/\/www.elights.be\/nl\/informatie\/technische-ondersteuning-atea-parlofonie\/\">ATEA Parlofonie<\/a><\/h5><p class=\"has-text-align-left\">Voor het aanvragen van een technische fiche voor een individueel toestel, <a href=\"https:\/\/www.elights.be\/contact\/\">neem contact op met onze commerci\u00eble dienst<\/a>.<\/p><h2 class=\"wp-block-heading\">4. Nieuws<\/h2><p>Hoe u een FLUO-lamp ARGOS vervangt door een ARGOS LED, vindt u <a href=\"https:\/\/www.elights.be\/wp-content\/uploads\/2023\/12\/ARGOS-FLUO-LED-V1.mp4\">hier<\/a> in video.<\/p><p class=\"has-text-align-left\">Volg ons <a href=\"https:\/\/www.linkedin.com\/company\/elights\/\" target=\"_blank\" rel=\"noreferrer noopener\">op LinkedIn<\/a> !<\/p><h2 class=\"wp-block-heading\">5. Certificaten<\/h2><p class=\"has-text-align-left\">Bekijk <a href=\"https:\/\/www.elights.be\/informations\/certifications\/\">hier<\/a> onze verschillende certificaten.<\/p><h2 class=\"wp-block-heading\">6. Privacybeleid<\/h2><div class=\"wp-block-buttons\"><div class=\"wp-block-button\"><a class=\"wp-block-button__link wp-element-button\" href=\"https:\/\/www.elights.be\/wp-content\/uploads\/2018\/06\/Politique-confidentialit\u00e9-ELightS-sa-NL-V1.pdf\" target=\"_blank\" rel=\"noreferrer noopener\">Bekijk het document<\/a><\/div><\/div><h2 class=\"wp-block-heading\">7. Kwaliteits-en milieubeleid<\/h2><div class=\"wp-block-buttons\"><div class=\"wp-block-button\"><a class=\"wp-block-button__link wp-element-button\" href=\"https:\/\/www.elights.be\/wp-content\/uploads\/2026\/01\/Declaration_de_Politique_Qualite_ELightS-V6-NL.pdf\" target=\"_blank\" rel=\"noreferrer noopener\">Bekijk het document<\/a><\/div><\/div><h2 class=\"wp-block-heading\">8. Recyclage<\/h2><p><strong>\u00a0<\/strong>De verlichtingsproducten van ELightS en CE+T Technics, evenals de parlofoons van ATEA, zijn onderworpen aan Recupel\/BeBat-heffingen, die steeds vermeld worden in onze offertes, orderbevestigingen, prijslijsten en facturen \u2014 meer informatie op eenvoudig verzoek.<\/p><p>Om te weten hoe u uw batterijen of accu\u2019s kunt recycleren, raadpleeg de informatie van Bebat door <a href=\"https:\/\/www.elights.be\/wp-content\/uploads\/2025\/10\/Affiche_Artikel-74_A4-NL.pdf\">hier te klikken<\/a>.<\/p>\t\t\t\t\t\t\t\t<\/div>\n\t\t\t\t<\/div>\n\t\t\t\t\t<\/div>\n\t\t\t\t<\/div>\n\t\t\t\t<\/div>\n\t\t","protected":false},"excerpt":{"rendered":"<p>1. Verdelers Onze producten zijn in Belgi\u00eb beschikbaar bij verdelers opgenomen in onze offici\u00eble verdelerslijst. In Nederland worden we vertegenwoordigd door Have-Digitap. Voor alle andere landen, gelieve ons te contacteren via E-mail : info@elights.be. Onze Belgische verdelers 2. Garantie Bekijk hier de garantievoorwaarden voor onze producten. 3. Technische ondersteuning \u201cCE+T TECHNICS\u201d Noodverlichting ATEA Parlofonie Voor [&hellip;]<\/p>\n","protected":false},"author":6,"featured_media":0,"parent":0,"menu_order":0,"comment_status":"closed","ping_status":"closed","template":"","meta":{"_acf_changed":false,"footnotes":""},"class_list":["post-4532","page","type-page","status-publish","hentry"],"acf":[],"yoast_head":"<!-- This site is optimized with the Yoast SEO plugin v27.4 - https:\/\/yoast.com\/product\/yoast-seo-wordpress\/ -->\n<title>Info - Elights<\/title>\n<meta name=\"robots\" content=\"index, follow, max-snippet:-1, max-image-preview:large, max-video-preview:-1\" \/>\n<link rel=\"canonical\" href=\"https:\/\/www.elights.be\/nl\/informatie\/\" \/>\n<meta property=\"og:locale\" content=\"nl_NL\" \/>\n<meta property=\"og:type\" content=\"article\" \/>\n<meta property=\"og:title\" content=\"Info - Elights\" \/>\n<meta property=\"og:description\" content=\"1. Verdelers Onze producten zijn in Belgi\u00eb beschikbaar bij verdelers opgenomen in onze offici\u00eble verdelerslijst. In Nederland worden we vertegenwoordigd door Have-Digitap. Voor alle andere landen, gelieve ons te contacteren via E-mail : info@elights.be. Onze Belgische verdelers 2. Garantie Bekijk hier de garantievoorwaarden voor onze producten. 3. Technische ondersteuning \u201cCE+T TECHNICS\u201d Noodverlichting ATEA Parlofonie Voor [&hellip;]\" \/>\n<meta property=\"og:url\" content=\"https:\/\/www.elights.be\/nl\/informatie\/\" \/>\n<meta property=\"og:site_name\" content=\"Elights\" \/>\n<meta property=\"article:modified_time\" content=\"2026-04-13T09:45:47+00:00\" \/>\n<meta name=\"twitter:card\" content=\"summary_large_image\" \/>\n<meta name=\"twitter:label1\" content=\"Geschatte leestijd\" \/>\n\t<meta name=\"twitter:data1\" content=\"1 minuut\" \/>\n<script type=\"application\/ld+json\" class=\"yoast-schema-graph\">{\"@context\":\"https:\\\/\\\/schema.org\",\"@graph\":[{\"@type\":\"WebPage\",\"@id\":\"https:\\\/\\\/www.elights.be\\\/nl\\\/informatie\\\/\",\"url\":\"https:\\\/\\\/www.elights.be\\\/nl\\\/informatie\\\/\",\"name\":\"Info - Elights\",\"isPartOf\":{\"@id\":\"https:\\\/\\\/www.elights.be\\\/#website\"},\"datePublished\":\"2024-10-08T17:23:25+00:00\",\"dateModified\":\"2026-04-13T09:45:47+00:00\",\"breadcrumb\":{\"@id\":\"https:\\\/\\\/www.elights.be\\\/nl\\\/informatie\\\/#breadcrumb\"},\"inLanguage\":\"nl-NL\",\"potentialAction\":[{\"@type\":\"ReadAction\",\"target\":[\"https:\\\/\\\/www.elights.be\\\/nl\\\/informatie\\\/\"]}]},{\"@type\":\"BreadcrumbList\",\"@id\":\"https:\\\/\\\/www.elights.be\\\/nl\\\/informatie\\\/#breadcrumb\",\"itemListElement\":[{\"@type\":\"ListItem\",\"position\":1,\"name\":\"Accueil\",\"item\":\"https:\\\/\\\/www.elights.be\\\/\"},{\"@type\":\"ListItem\",\"position\":2,\"name\":\"Info\"}]},{\"@type\":\"WebSite\",\"@id\":\"https:\\\/\\\/www.elights.be\\\/#website\",\"url\":\"https:\\\/\\\/www.elights.be\\\/\",\"name\":\"Elights\",\"description\":\"ELights est votre partenaire id\u00e9al en \u00e9clairages de s\u00e9curit\u00e9, et en parlophonie ATEA.\",\"publisher\":{\"@id\":\"https:\\\/\\\/www.elights.be\\\/#organization\"},\"potentialAction\":[{\"@type\":\"SearchAction\",\"target\":{\"@type\":\"EntryPoint\",\"urlTemplate\":\"https:\\\/\\\/www.elights.be\\\/?s={search_term_string}\"},\"query-input\":{\"@type\":\"PropertyValueSpecification\",\"valueRequired\":true,\"valueName\":\"search_term_string\"}}],\"inLanguage\":\"nl-NL\"},{\"@type\":\"Organization\",\"@id\":\"https:\\\/\\\/www.elights.be\\\/#organization\",\"name\":\"Elights\",\"url\":\"https:\\\/\\\/www.elights.be\\\/\",\"logo\":{\"@type\":\"ImageObject\",\"inLanguage\":\"nl-NL\",\"@id\":\"https:\\\/\\\/www.elights.be\\\/#\\\/schema\\\/logo\\\/image\\\/\",\"url\":\"https:\\\/\\\/www.elights.be\\\/wp-content\\\/uploads\\\/2024\\\/10\\\/cet_white-1.webp\",\"contentUrl\":\"https:\\\/\\\/www.elights.be\\\/wp-content\\\/uploads\\\/2024\\\/10\\\/cet_white-1.webp\",\"width\":376,\"height\":204,\"caption\":\"Elights\"},\"image\":{\"@id\":\"https:\\\/\\\/www.elights.be\\\/#\\\/schema\\\/logo\\\/image\\\/\"}}]}<\/script>\n<!-- \/ Yoast SEO plugin. -->","yoast_head_json":{"title":"Info - Elights","robots":{"index":"index","follow":"follow","max-snippet":"max-snippet:-1","max-image-preview":"max-image-preview:large","max-video-preview":"max-video-preview:-1"},"canonical":"https:\/\/www.elights.be\/nl\/informatie\/","og_locale":"nl_NL","og_type":"article","og_title":"Info - Elights","og_description":"1. Verdelers Onze producten zijn in Belgi\u00eb beschikbaar bij verdelers opgenomen in onze offici\u00eble verdelerslijst. In Nederland worden we vertegenwoordigd door Have-Digitap. Voor alle andere landen, gelieve ons te contacteren via E-mail : info@elights.be. Onze Belgische verdelers 2. Garantie Bekijk hier de garantievoorwaarden voor onze producten. 3. Technische ondersteuning \u201cCE+T TECHNICS\u201d Noodverlichting ATEA Parlofonie Voor [&hellip;]","og_url":"https:\/\/www.elights.be\/nl\/informatie\/","og_site_name":"Elights","article_modified_time":"2026-04-13T09:45:47+00:00","twitter_card":"summary_large_image","twitter_misc":{"Geschatte leestijd":"1 minuut"},"schema":{"@context":"https:\/\/schema.org","@graph":[{"@type":"WebPage","@id":"https:\/\/www.elights.be\/nl\/informatie\/","url":"https:\/\/www.elights.be\/nl\/informatie\/","name":"Info - Elights","isPartOf":{"@id":"https:\/\/www.elights.be\/#website"},"datePublished":"2024-10-08T17:23:25+00:00","dateModified":"2026-04-13T09:45:47+00:00","breadcrumb":{"@id":"https:\/\/www.elights.be\/nl\/informatie\/#breadcrumb"},"inLanguage":"nl-NL","potentialAction":[{"@type":"ReadAction","target":["https:\/\/www.elights.be\/nl\/informatie\/"]}]},{"@type":"BreadcrumbList","@id":"https:\/\/www.elights.be\/nl\/informatie\/#breadcrumb","itemListElement":[{"@type":"ListItem","position":1,"name":"Accueil","item":"https:\/\/www.elights.be\/"},{"@type":"ListItem","position":2,"name":"Info"}]},{"@type":"WebSite","@id":"https:\/\/www.elights.be\/#website","url":"https:\/\/www.elights.be\/","name":"Elights","description":"ELights est votre partenaire id\u00e9al en \u00e9clairages de s\u00e9curit\u00e9, et en parlophonie ATEA.","publisher":{"@id":"https:\/\/www.elights.be\/#organization"},"potentialAction":[{"@type":"SearchAction","target":{"@type":"EntryPoint","urlTemplate":"https:\/\/www.elights.be\/?s={search_term_string}"},"query-input":{"@type":"PropertyValueSpecification","valueRequired":true,"valueName":"search_term_string"}}],"inLanguage":"nl-NL"},{"@type":"Organization","@id":"https:\/\/www.elights.be\/#organization","name":"Elights","url":"https:\/\/www.elights.be\/","logo":{"@type":"ImageObject","inLanguage":"nl-NL","@id":"https:\/\/www.elights.be\/#\/schema\/logo\/image\/","url":"https:\/\/www.elights.be\/wp-content\/uploads\/2024\/10\/cet_white-1.webp","contentUrl":"https:\/\/www.elights.be\/wp-content\/uploads\/2024\/10\/cet_white-1.webp","width":376,"height":204,"caption":"Elights"},"image":{"@id":"https:\/\/www.elights.be\/#\/schema\/logo\/image\/"}}]}},"_links":{"self":[{"href":"https:\/\/www.elights.be\/nl\/wp-json\/wp\/v2\/pages\/4532","targetHints":{"allow":["GET"]}}],"collection":[{"href":"https:\/\/www.elights.be\/nl\/wp-json\/wp\/v2\/pages"}],"about":[{"href":"https:\/\/www.elights.be\/nl\/wp-json\/wp\/v2\/types\/page"}],"author":[{"embeddable":true,"href":"https:\/\/www.elights.be\/nl\/wp-json\/wp\/v2\/users\/6"}],"replies":[{"embeddable":true,"href":"https:\/\/www.elights.be\/nl\/wp-json\/wp\/v2\/comments?post=4532"}],"version-history":[{"count":70,"href":"https:\/\/www.elights.be\/nl\/wp-json\/wp\/v2\/pages\/4532\/revisions"}],"predecessor-version":[{"id":5673,"href":"https:\/\/www.elights.be\/nl\/wp-json\/wp\/v2\/pages\/4532\/revisions\/5673"}],"wp:attachment":[{"href":"https:\/\/www.elights.be\/nl\/wp-json\/wp\/v2\/media?parent=4532"}],"curies":[{"name":"wp","href":"https:\/\/api.w.org\/{rel}","templated":true}]}}